{"id":37396,"date":"2021-10-29T11:11:00","date_gmt":"2021-10-29T11:11:00","guid":{"rendered":"https:\/\/floxyhairplus.com\/?post_type=product&#038;p=37396"},"modified":"2024-10-09T21:22:18","modified_gmt":"2024-10-09T19:22:18","slug":"body-wave-lace-closure-platinum","status":"publish","type":"product","link":"https:\/\/floxyhairplus.com\/en\/product\/body-wave-lace-closure-platinum\/","title":{"rendered":"Body wave lace closure Platinum"},"content":{"rendered":"<p>Questo closure di Remy alta qualit\u00e0 \u00e8 una scriminatura realistica per aggiungere alla vostra matassa. I nostri closures 4*4(la chiusura 10cm*10cm), sono facile da installare. I closures con la riga o senza la riga funge da chiusura discreta, che si concluder\u00e0 la vostra cucitura delle Extension nel modo pi\u00f9 naturale possibile, in quanto pu\u00f2 essere tagliato e mettere una riga in centro o su entrambi i lati. Questo closure da Floxyhairplus \u00e8 leggero, completamente traspirante , pizzo che pu\u00f2 essere cucito su in modo tradizionale, ma consente all&#8217;aria di fluire naturalmente ad e dal cuoio capelluto per mantenere la pelle fresca e prevenire il prurito.<\/p>","protected":false},"excerpt":{"rendered":"<p>Questo closure di Remy alta qualit\u00e0 \u00e8 una scriminatura realistica per aggiungere alla vostra matassa. I nostri closures 4*4(la chiusura&#8230;<\/p>","protected":false},"featured_media":30570,"template":"","meta":{"_acf_changed":false},"product_brand":[],"product_cat":[305,222,217,220,216,326],"product_tag":[],"class_list":{"0":"post-37396","1":"product","2":"type-product","3":"status-publish","4":"has-post-thumbnail","6":"product_cat-clip-in-extensions","7":"product_cat-closures-and-frontals","8":"product_cat-custom-wigs","9":"product_cat-hair-products","10":"product_cat-curly","11":"product_cat-wigs","12":"tm-has-options","14":"first","15":"instock","16":"downloadable","17":"shipping-taxable","18":"purchasable","19":"product-type-simple"},"acf":[],"yoast_head":"<!-- This site is optimized with the Yoast SEO plugin v24.6 - https:\/\/yoast.com\/wordpress\/plugins\/seo\/ -->\n<title>Body wave lace closure Platinum - floxyhairplus<\/title>\n<meta name=\"robots\" content=\"index, follow, max-snippet:-1, max-image-preview:large, max-video-preview:-1\" \/>\n<link rel=\"canonical\" href=\"https:\/\/floxyhairplus.com\/en\/product\/body-wave-lace-closure-platinum\/\" \/>\n<meta property=\"og:locale\" content=\"en_GB\" \/>\n<meta property=\"og:type\" content=\"article\" \/>\n<meta property=\"og:title\" content=\"Body wave lace closure Platinum - floxyhairplus\" \/>\n<meta property=\"og:description\" content=\"Questo closure di Remy alta qualit\u00e0 \u00e8 una scriminatura realistica per aggiungere alla vostra matassa. I nostri closures 4*4(la chiusura...\" \/>\n<meta property=\"og:url\" content=\"https:\/\/floxyhairplus.com\/en\/product\/body-wave-lace-closure-platinum\/\" \/>\n<meta property=\"og:site_name\" content=\"floxyhairplus\" \/>\n<meta property=\"article:modified_time\" content=\"2024-10-09T19:22:18+00:00\" \/>\n<meta property=\"og:image\" content=\"https:\/\/floxyhairplus.com\/wp-content\/uploads\/2022\/08\/8F31204B-1537-490C-AB20-56C634E688DA.jpeg\" \/>\n\t<meta property=\"og:image:width\" content=\"800\" \/>\n\t<meta property=\"og:image:height\" content=\"645\" \/>\n\t<meta property=\"og:image:type\" content=\"image\/jpeg\" \/>\n<meta name=\"twitter:card\" content=\"summary_large_image\" \/>\n<meta name=\"twitter:label1\" content=\"Estimated reading time\" \/>\n\t<meta name=\"twitter:data1\" content=\"1 minute\" \/>\n<script type=\"application\/ld+json\" class=\"yoast-schema-graph\">{\"@context\":\"https:\/\/schema.org\",\"@graph\":[{\"@type\":\"WebPage\",\"@id\":\"https:\/\/floxyhairplus.com\/product\/body-wave-lace-closure-platinum\/\",\"url\":\"https:\/\/floxyhairplus.com\/product\/body-wave-lace-closure-platinum\/\",\"name\":\"Body wave lace closure Platinum - floxyhairplus\",\"isPartOf\":{\"@id\":\"https:\/\/floxyhairplus.com\/#website\"},\"primaryImageOfPage\":{\"@id\":\"https:\/\/floxyhairplus.com\/product\/body-wave-lace-closure-platinum\/#primaryimage\"},\"image\":{\"@id\":\"https:\/\/floxyhairplus.com\/product\/body-wave-lace-closure-platinum\/#primaryimage\"},\"thumbnailUrl\":\"https:\/\/floxyhairplus.com\/wp-content\/uploads\/2022\/08\/8F31204B-1537-490C-AB20-56C634E688DA.jpeg\",\"datePublished\":\"2021-10-29T11:11:00+00:00\",\"dateModified\":\"2024-10-09T19:22:18+00:00\",\"breadcrumb\":{\"@id\":\"https:\/\/floxyhairplus.com\/product\/body-wave-lace-closure-platinum\/#breadcrumb\"},\"inLanguage\":\"en-GB\",\"potentialAction\":[{\"@type\":\"ReadAction\",\"target\":[\"https:\/\/floxyhairplus.com\/product\/body-wave-lace-closure-platinum\/\"]}]},{\"@type\":\"ImageObject\",\"inLanguage\":\"en-GB\",\"@id\":\"https:\/\/floxyhairplus.com\/product\/body-wave-lace-closure-platinum\/#primaryimage\",\"url\":\"https:\/\/floxyhairplus.com\/wp-content\/uploads\/2022\/08\/8F31204B-1537-490C-AB20-56C634E688DA.jpeg\",\"contentUrl\":\"https:\/\/floxyhairplus.com\/wp-content\/uploads\/2022\/08\/8F31204B-1537-490C-AB20-56C634E688DA.jpeg\",\"width\":800,\"height\":645},{\"@type\":\"BreadcrumbList\",\"@id\":\"https:\/\/floxyhairplus.com\/product\/body-wave-lace-closure-platinum\/#breadcrumb\",\"itemListElement\":[{\"@type\":\"ListItem\",\"position\":1,\"name\":\"Home\",\"item\":\"https:\/\/floxyhairplus.com\/\"},{\"@type\":\"ListItem\",\"position\":2,\"name\":\"Negozio\",\"item\":\"https:\/\/floxyhairplus.com\/shop\/\"},{\"@type\":\"ListItem\",\"position\":3,\"name\":\"Body wave lace closure Platinum\"}]},{\"@type\":\"WebSite\",\"@id\":\"https:\/\/floxyhairplus.com\/#website\",\"url\":\"https:\/\/floxyhairplus.com\/\",\"name\":\"floxyhairplus\",\"description\":\"\",\"publisher\":{\"@id\":\"https:\/\/floxyhairplus.com\/#organization\"},\"potentialAction\":[{\"@type\":\"SearchAction\",\"target\":{\"@type\":\"EntryPoint\",\"urlTemplate\":\"https:\/\/floxyhairplus.com\/?s={search_term_string}\"},\"query-input\":{\"@type\":\"PropertyValueSpecification\",\"valueRequired\":true,\"valueName\":\"search_term_string\"}}],\"inLanguage\":\"en-GB\"},{\"@type\":\"Organization\",\"@id\":\"https:\/\/floxyhairplus.com\/#organization\",\"name\":\"floxyhairplus\",\"url\":\"https:\/\/floxyhairplus.com\/\",\"logo\":{\"@type\":\"ImageObject\",\"inLanguage\":\"en-GB\",\"@id\":\"https:\/\/floxyhairplus.com\/#\/schema\/logo\/image\/\",\"url\":\"\",\"contentUrl\":\"\",\"caption\":\"floxyhairplus\"},\"image\":{\"@id\":\"https:\/\/floxyhairplus.com\/#\/schema\/logo\/image\/\"}}]}<\/script>\n<!-- \/ Yoast SEO plugin. -->","yoast_head_json":{"title":"Body wave lace closure Platinum - floxyhairplus","robots":{"index":"index","follow":"follow","max-snippet":"max-snippet:-1","max-image-preview":"max-image-preview:large","max-video-preview":"max-video-preview:-1"},"canonical":"https:\/\/floxyhairplus.com\/en\/product\/body-wave-lace-closure-platinum\/","og_locale":"en_GB","og_type":"article","og_title":"Body wave lace closure Platinum - floxyhairplus","og_description":"Questo closure di Remy alta qualit\u00e0 \u00e8 una scriminatura realistica per aggiungere alla vostra matassa. I nostri closures 4*4(la chiusura...","og_url":"https:\/\/floxyhairplus.com\/en\/product\/body-wave-lace-closure-platinum\/","og_site_name":"floxyhairplus","article_modified_time":"2024-10-09T19:22:18+00:00","og_image":[{"width":800,"height":645,"url":"https:\/\/floxyhairplus.com\/wp-content\/uploads\/2022\/08\/8F31204B-1537-490C-AB20-56C634E688DA.jpeg","type":"image\/jpeg"}],"twitter_card":"summary_large_image","twitter_misc":{"Estimated reading time":"1 minute"},"schema":{"@context":"https:\/\/schema.org","@graph":[{"@type":"WebPage","@id":"https:\/\/floxyhairplus.com\/product\/body-wave-lace-closure-platinum\/","url":"https:\/\/floxyhairplus.com\/product\/body-wave-lace-closure-platinum\/","name":"Body wave lace closure Platinum - floxyhairplus","isPartOf":{"@id":"https:\/\/floxyhairplus.com\/#website"},"primaryImageOfPage":{"@id":"https:\/\/floxyhairplus.com\/product\/body-wave-lace-closure-platinum\/#primaryimage"},"image":{"@id":"https:\/\/floxyhairplus.com\/product\/body-wave-lace-closure-platinum\/#primaryimage"},"thumbnailUrl":"https:\/\/floxyhairplus.com\/wp-content\/uploads\/2022\/08\/8F31204B-1537-490C-AB20-56C634E688DA.jpeg","datePublished":"2021-10-29T11:11:00+00:00","dateModified":"2024-10-09T19:22:18+00:00","breadcrumb":{"@id":"https:\/\/floxyhairplus.com\/product\/body-wave-lace-closure-platinum\/#breadcrumb"},"inLanguage":"en-GB","potentialAction":[{"@type":"ReadAction","target":["https:\/\/floxyhairplus.com\/product\/body-wave-lace-closure-platinum\/"]}]},{"@type":"ImageObject","inLanguage":"en-GB","@id":"https:\/\/floxyhairplus.com\/product\/body-wave-lace-closure-platinum\/#primaryimage","url":"https:\/\/floxyhairplus.com\/wp-content\/uploads\/2022\/08\/8F31204B-1537-490C-AB20-56C634E688DA.jpeg","contentUrl":"https:\/\/floxyhairplus.com\/wp-content\/uploads\/2022\/08\/8F31204B-1537-490C-AB20-56C634E688DA.jpeg","width":800,"height":645},{"@type":"BreadcrumbList","@id":"https:\/\/floxyhairplus.com\/product\/body-wave-lace-closure-platinum\/#breadcrumb","itemListElement":[{"@type":"ListItem","position":1,"name":"Home","item":"https:\/\/floxyhairplus.com\/"},{"@type":"ListItem","position":2,"name":"Negozio","item":"https:\/\/floxyhairplus.com\/shop\/"},{"@type":"ListItem","position":3,"name":"Body wave lace closure Platinum"}]},{"@type":"WebSite","@id":"https:\/\/floxyhairplus.com\/#website","url":"https:\/\/floxyhairplus.com\/","name":"floxyhairplus","description":"","publisher":{"@id":"https:\/\/floxyhairplus.com\/#organization"},"potentialAction":[{"@type":"SearchAction","target":{"@type":"EntryPoint","urlTemplate":"https:\/\/floxyhairplus.com\/?s={search_term_string}"},"query-input":{"@type":"PropertyValueSpecification","valueRequired":true,"valueName":"search_term_string"}}],"inLanguage":"en-GB"},{"@type":"Organization","@id":"https:\/\/floxyhairplus.com\/#organization","name":"floxyhairplus","url":"https:\/\/floxyhairplus.com\/","logo":{"@type":"ImageObject","inLanguage":"en-GB","@id":"https:\/\/floxyhairplus.com\/#\/schema\/logo\/image\/","url":"","contentUrl":"","caption":"floxyhairplus"},"image":{"@id":"https:\/\/floxyhairplus.com\/#\/schema\/logo\/image\/"}}]}},"_links":{"self":[{"href":"https:\/\/floxyhairplus.com\/en\/wp-json\/wp\/v2\/product\/37396","targetHints":{"allow":["GET"]}}],"collection":[{"href":"https:\/\/floxyhairplus.com\/en\/wp-json\/wp\/v2\/product"}],"about":[{"href":"https:\/\/floxyhairplus.com\/en\/wp-json\/wp\/v2\/types\/product"}],"version-history":[{"count":1,"href":"https:\/\/floxyhairplus.com\/en\/wp-json\/wp\/v2\/product\/37396\/revisions"}],"predecessor-version":[{"id":40585,"href":"https:\/\/floxyhairplus.com\/en\/wp-json\/wp\/v2\/product\/37396\/revisions\/40585"}],"wp:featuredmedia":[{"embeddable":true,"href":"https:\/\/floxyhairplus.com\/en\/wp-json\/wp\/v2\/media\/30570"}],"wp:attachment":[{"href":"https:\/\/floxyhairplus.com\/en\/wp-json\/wp\/v2\/media?parent=37396"}],"wp:term":[{"taxonomy":"product_brand","embeddable":true,"href":"https:\/\/floxyhairplus.com\/en\/wp-json\/wp\/v2\/product_brand?post=37396"},{"taxonomy":"product_cat","embeddable":true,"href":"https:\/\/floxyhairplus.com\/en\/wp-json\/wp\/v2\/product_cat?post=37396"},{"taxonomy":"product_tag","embeddable":true,"href":"https:\/\/floxyhairplus.com\/en\/wp-json\/wp\/v2\/product_tag?post=37396"}],"curies":[{"name":"wp","href":"https:\/\/api.w.org\/{rel}","templated":true}]}}