{"id":40682,"date":"2024-12-01T21:58:48","date_gmt":"2024-12-01T19:58:48","guid":{"rendered":"https:\/\/floxyhairplus.com\/?post_type=product&#038;p=40682"},"modified":"2025-05-27T13:14:36","modified_gmt":"2025-05-27T11:14:36","slug":"body-wavy-23-or-4-packs-closure","status":"publish","type":"product","link":"https:\/\/floxyhairplus.com\/en\/product\/body-wavy-23-or-4-packs-closure\/","title":{"rendered":"Body Wavy 2,3 or 4 Packs + Closure"},"content":{"rendered":"<p style=\"text-align: left;\">T&#8221;Abbiamo reso facile avere bundle deals hair extension (offerta di pacchetti delle Extension) ad un prezzo molto conveniente. Scegli le nostre Extension Body wave \u00a0da 2, 3 or 4 pacchetti con closure o frontal, per completare il tuo splendido look.<\/p>\n<p>Tutte le Extension lisce di floxyhaurplus \u00e8 tra un colore 1B-2. La struttura Body wave \u00e8 lucentezza e setosa e la brillantezza naturale.\u00c8 Facile da arricciare e lisciare mantenendo bene la piega Trasformatevi con la collezione Extension di floxyhairplus liscia naturale : Questa collezione preziosa \u00e8 costituita da pezzi scelti manualmente di capelli Virgin remy indiani 100%. Ogni pezzo unico \u00e8 disponibile con una trama con la macchina o una massa (senza trama) per l&#8217;intreccio o realizzare il metodo di nodo brasiliano. I nostri capelli sono disponibili in lunghezze da 10 &#8220;a 30&#8221; e sono disponibili in ricchi colori vergini. La collezione Floxyhairplus \u00e8 i capelli pi\u00f9 belli del settore e ora disponibile.Se ben curati possono durare fino a 2 anni<\/p>","protected":false},"excerpt":{"rendered":"<p>T&#8221;Abbiamo reso facile avere bundle deals hair extension (offerta di pacchetti delle Extension) ad un prezzo molto conveniente. Scegli le&#8230;<\/p>","protected":false},"featured_media":40683,"template":"","meta":{"_acf_changed":false},"product_brand":[],"product_cat":[210,298,211,226,215,220,325,213,318],"product_tag":[],"class_list":{"0":"post-40682","1":"product","2":"type-product","3":"status-publish","4":"has-post-thumbnail","6":"product_cat-hair-extensions","7":"product_cat-normal-drawn","8":"product_cat-north-indian-raw-hair","9":"product_cat-bundle-deals","10":"product_cat-wavy","11":"product_cat-hair-products","12":"product_cat-tessiture","13":"product_cat-virgin-remy","14":"product_cat-wave","15":"tm-no-options","16":"wcpa_has_options","18":"first","19":"instock","20":"shipping-taxable","21":"purchasable","22":"product-type-variable"},"acf":[],"yoast_head":"<!-- This site is optimized with the Yoast SEO plugin v24.6 - https:\/\/yoast.com\/wordpress\/plugins\/seo\/ -->\n<title>Body Wavy 2,3 or 4 Packs + Closure - floxyhairplus<\/title>\n<meta name=\"robots\" content=\"index, follow, max-snippet:-1, max-image-preview:large, max-video-preview:-1\" \/>\n<link rel=\"canonical\" href=\"https:\/\/floxyhairplus.com\/en\/product\/body-wavy-23-or-4-packs-closure\/\" \/>\n<meta property=\"og:locale\" content=\"en_GB\" \/>\n<meta property=\"og:type\" content=\"article\" \/>\n<meta property=\"og:title\" content=\"Body Wavy 2,3 or 4 Packs + Closure - floxyhairplus\" \/>\n<meta property=\"og:description\" content=\"T&#8221;Abbiamo reso facile avere bundle deals hair extension (offerta di pacchetti delle Extension) ad un prezzo molto conveniente. Scegli le...\" \/>\n<meta property=\"og:url\" content=\"https:\/\/floxyhairplus.com\/en\/product\/body-wavy-23-or-4-packs-closure\/\" \/>\n<meta property=\"og:site_name\" content=\"floxyhairplus\" \/>\n<meta property=\"article:modified_time\" content=\"2025-05-27T11:14:36+00:00\" \/>\n<meta property=\"og:image\" content=\"https:\/\/floxyhairplus.com\/wp-content\/uploads\/2024\/12\/IMG_7971.jpg\" \/>\n\t<meta property=\"og:image:width\" content=\"1920\" \/>\n\t<meta property=\"og:image:height\" content=\"1440\" \/>\n\t<meta property=\"og:image:type\" content=\"image\/jpeg\" \/>\n<meta name=\"twitter:card\" content=\"summary_large_image\" \/>\n<meta name=\"twitter:label1\" content=\"Estimated reading time\" \/>\n\t<meta name=\"twitter:data1\" content=\"1 minute\" \/>\n<script type=\"application\/ld+json\" class=\"yoast-schema-graph\">{\"@context\":\"https:\/\/schema.org\",\"@graph\":[{\"@type\":\"WebPage\",\"@id\":\"https:\/\/floxyhairplus.com\/product\/body-wavy-23-or-4-packs-closure\/\",\"url\":\"https:\/\/floxyhairplus.com\/product\/body-wavy-23-or-4-packs-closure\/\",\"name\":\"Body Wavy 2,3 or 4 Packs + Closure - floxyhairplus\",\"isPartOf\":{\"@id\":\"https:\/\/floxyhairplus.com\/#website\"},\"primaryImageOfPage\":{\"@id\":\"https:\/\/floxyhairplus.com\/product\/body-wavy-23-or-4-packs-closure\/#primaryimage\"},\"image\":{\"@id\":\"https:\/\/floxyhairplus.com\/product\/body-wavy-23-or-4-packs-closure\/#primaryimage\"},\"thumbnailUrl\":\"https:\/\/floxyhairplus.com\/wp-content\/uploads\/2024\/12\/IMG_7971.jpg\",\"datePublished\":\"2024-12-01T19:58:48+00:00\",\"dateModified\":\"2025-05-27T11:14:36+00:00\",\"breadcrumb\":{\"@id\":\"https:\/\/floxyhairplus.com\/product\/body-wavy-23-or-4-packs-closure\/#breadcrumb\"},\"inLanguage\":\"en-GB\",\"potentialAction\":[{\"@type\":\"ReadAction\",\"target\":[\"https:\/\/floxyhairplus.com\/product\/body-wavy-23-or-4-packs-closure\/\"]}]},{\"@type\":\"ImageObject\",\"inLanguage\":\"en-GB\",\"@id\":\"https:\/\/floxyhairplus.com\/product\/body-wavy-23-or-4-packs-closure\/#primaryimage\",\"url\":\"https:\/\/floxyhairplus.com\/wp-content\/uploads\/2024\/12\/IMG_7971.jpg\",\"contentUrl\":\"https:\/\/floxyhairplus.com\/wp-content\/uploads\/2024\/12\/IMG_7971.jpg\",\"width\":1920,\"height\":1440},{\"@type\":\"BreadcrumbList\",\"@id\":\"https:\/\/floxyhairplus.com\/product\/body-wavy-23-or-4-packs-closure\/#breadcrumb\",\"itemListElement\":[{\"@type\":\"ListItem\",\"position\":1,\"name\":\"Home\",\"item\":\"https:\/\/floxyhairplus.com\/\"},{\"@type\":\"ListItem\",\"position\":2,\"name\":\"Negozio\",\"item\":\"https:\/\/floxyhairplus.com\/shop\/\"},{\"@type\":\"ListItem\",\"position\":3,\"name\":\"Body Wavy 2,3 or 4 Packs + Closure\"}]},{\"@type\":\"WebSite\",\"@id\":\"https:\/\/floxyhairplus.com\/#website\",\"url\":\"https:\/\/floxyhairplus.com\/\",\"name\":\"floxyhairplus\",\"description\":\"\",\"publisher\":{\"@id\":\"https:\/\/floxyhairplus.com\/#organization\"},\"potentialAction\":[{\"@type\":\"SearchAction\",\"target\":{\"@type\":\"EntryPoint\",\"urlTemplate\":\"https:\/\/floxyhairplus.com\/?s={search_term_string}\"},\"query-input\":{\"@type\":\"PropertyValueSpecification\",\"valueRequired\":true,\"valueName\":\"search_term_string\"}}],\"inLanguage\":\"en-GB\"},{\"@type\":\"Organization\",\"@id\":\"https:\/\/floxyhairplus.com\/#organization\",\"name\":\"floxyhairplus\",\"url\":\"https:\/\/floxyhairplus.com\/\",\"logo\":{\"@type\":\"ImageObject\",\"inLanguage\":\"en-GB\",\"@id\":\"https:\/\/floxyhairplus.com\/#\/schema\/logo\/image\/\",\"url\":\"\",\"contentUrl\":\"\",\"caption\":\"floxyhairplus\"},\"image\":{\"@id\":\"https:\/\/floxyhairplus.com\/#\/schema\/logo\/image\/\"}}]}<\/script>\n<!-- \/ Yoast SEO plugin. -->","yoast_head_json":{"title":"Body Wavy 2,3 or 4 Packs + Closure - floxyhairplus","robots":{"index":"index","follow":"follow","max-snippet":"max-snippet:-1","max-image-preview":"max-image-preview:large","max-video-preview":"max-video-preview:-1"},"canonical":"https:\/\/floxyhairplus.com\/en\/product\/body-wavy-23-or-4-packs-closure\/","og_locale":"en_GB","og_type":"article","og_title":"Body Wavy 2,3 or 4 Packs + Closure - floxyhairplus","og_description":"T&#8221;Abbiamo reso facile avere bundle deals hair extension (offerta di pacchetti delle Extension) ad un prezzo molto conveniente. Scegli le...","og_url":"https:\/\/floxyhairplus.com\/en\/product\/body-wavy-23-or-4-packs-closure\/","og_site_name":"floxyhairplus","article_modified_time":"2025-05-27T11:14:36+00:00","og_image":[{"width":1920,"height":1440,"url":"https:\/\/floxyhairplus.com\/wp-content\/uploads\/2024\/12\/IMG_7971.jpg","type":"image\/jpeg"}],"twitter_card":"summary_large_image","twitter_misc":{"Estimated reading time":"1 minute"},"schema":{"@context":"https:\/\/schema.org","@graph":[{"@type":"WebPage","@id":"https:\/\/floxyhairplus.com\/product\/body-wavy-23-or-4-packs-closure\/","url":"https:\/\/floxyhairplus.com\/product\/body-wavy-23-or-4-packs-closure\/","name":"Body Wavy 2,3 or 4 Packs + Closure - floxyhairplus","isPartOf":{"@id":"https:\/\/floxyhairplus.com\/#website"},"primaryImageOfPage":{"@id":"https:\/\/floxyhairplus.com\/product\/body-wavy-23-or-4-packs-closure\/#primaryimage"},"image":{"@id":"https:\/\/floxyhairplus.com\/product\/body-wavy-23-or-4-packs-closure\/#primaryimage"},"thumbnailUrl":"https:\/\/floxyhairplus.com\/wp-content\/uploads\/2024\/12\/IMG_7971.jpg","datePublished":"2024-12-01T19:58:48+00:00","dateModified":"2025-05-27T11:14:36+00:00","breadcrumb":{"@id":"https:\/\/floxyhairplus.com\/product\/body-wavy-23-or-4-packs-closure\/#breadcrumb"},"inLanguage":"en-GB","potentialAction":[{"@type":"ReadAction","target":["https:\/\/floxyhairplus.com\/product\/body-wavy-23-or-4-packs-closure\/"]}]},{"@type":"ImageObject","inLanguage":"en-GB","@id":"https:\/\/floxyhairplus.com\/product\/body-wavy-23-or-4-packs-closure\/#primaryimage","url":"https:\/\/floxyhairplus.com\/wp-content\/uploads\/2024\/12\/IMG_7971.jpg","contentUrl":"https:\/\/floxyhairplus.com\/wp-content\/uploads\/2024\/12\/IMG_7971.jpg","width":1920,"height":1440},{"@type":"BreadcrumbList","@id":"https:\/\/floxyhairplus.com\/product\/body-wavy-23-or-4-packs-closure\/#breadcrumb","itemListElement":[{"@type":"ListItem","position":1,"name":"Home","item":"https:\/\/floxyhairplus.com\/"},{"@type":"ListItem","position":2,"name":"Negozio","item":"https:\/\/floxyhairplus.com\/shop\/"},{"@type":"ListItem","position":3,"name":"Body Wavy 2,3 or 4 Packs + Closure"}]},{"@type":"WebSite","@id":"https:\/\/floxyhairplus.com\/#website","url":"https:\/\/floxyhairplus.com\/","name":"floxyhairplus","description":"","publisher":{"@id":"https:\/\/floxyhairplus.com\/#organization"},"potentialAction":[{"@type":"SearchAction","target":{"@type":"EntryPoint","urlTemplate":"https:\/\/floxyhairplus.com\/?s={search_term_string}"},"query-input":{"@type":"PropertyValueSpecification","valueRequired":true,"valueName":"search_term_string"}}],"inLanguage":"en-GB"},{"@type":"Organization","@id":"https:\/\/floxyhairplus.com\/#organization","name":"floxyhairplus","url":"https:\/\/floxyhairplus.com\/","logo":{"@type":"ImageObject","inLanguage":"en-GB","@id":"https:\/\/floxyhairplus.com\/#\/schema\/logo\/image\/","url":"","contentUrl":"","caption":"floxyhairplus"},"image":{"@id":"https:\/\/floxyhairplus.com\/#\/schema\/logo\/image\/"}}]}},"_links":{"self":[{"href":"https:\/\/floxyhairplus.com\/en\/wp-json\/wp\/v2\/product\/40682","targetHints":{"allow":["GET"]}}],"collection":[{"href":"https:\/\/floxyhairplus.com\/en\/wp-json\/wp\/v2\/product"}],"about":[{"href":"https:\/\/floxyhairplus.com\/en\/wp-json\/wp\/v2\/types\/product"}],"version-history":[{"count":3,"href":"https:\/\/floxyhairplus.com\/en\/wp-json\/wp\/v2\/product\/40682\/revisions"}],"predecessor-version":[{"id":41866,"href":"https:\/\/floxyhairplus.com\/en\/wp-json\/wp\/v2\/product\/40682\/revisions\/41866"}],"wp:featuredmedia":[{"embeddable":true,"href":"https:\/\/floxyhairplus.com\/en\/wp-json\/wp\/v2\/media\/40683"}],"wp:attachment":[{"href":"https:\/\/floxyhairplus.com\/en\/wp-json\/wp\/v2\/media?parent=40682"}],"wp:term":[{"taxonomy":"product_brand","embeddable":true,"href":"https:\/\/floxyhairplus.com\/en\/wp-json\/wp\/v2\/product_brand?post=40682"},{"taxonomy":"product_cat","embeddable":true,"href":"https:\/\/floxyhairplus.com\/en\/wp-json\/wp\/v2\/product_cat?post=40682"},{"taxonomy":"product_tag","embeddable":true,"href":"https:\/\/floxyhairplus.com\/en\/wp-json\/wp\/v2\/product_tag?post=40682"}],"curies":[{"name":"wp","href":"https:\/\/api.w.org\/{rel}","templated":true}]}}